{"id":19,"date":"2014-02-19T20:26:47","date_gmt":"2014-02-19T20:26:47","guid":{"rendered":"http:\/\/imageportrait.de\/?page_id=19"},"modified":"2022-06-20T21:22:08","modified_gmt":"2022-06-20T21:22:08","slug":"beispiele-referenzen","status":"publish","type":"page","link":"http:\/\/imageTV.de\/?page_id=19","title":{"rendered":"Referenzen"},"content":{"rendered":"<p>Wir zeigen Ihnen an dieser Stelle eine kleine \u00dcbersicht beispielhafter Arbeiten, die im Netz frei verf\u00fcgbar sind.<\/p>\n<p>BEISPIEL 1 (Portrait eines Hersteller-Messestandes auf der NAB\u00a0in Las Vegas) Hersteller \/ Distribution<br \/>\n<iframe loading=\"lazy\" src=\"\/\/www.youtube.com\/embed\/kfhqwcqR0p8?feature=player_detailpage\" height=\"360\" width=\"640\" allowfullscreen=\"\" frameborder=\"0\"><\/iframe><\/p>\n<p>BEISPIEL 2 (Portrait eines innovativen Vermessungsystems im Pferdesport) Mittelstand \/ Handwerk<br \/>\n<iframe loading=\"lazy\" src=\"\/\/www.youtube.com\/embed\/UHBSz5psG6c?feature=player_detailpage\" height=\"360\" width=\"640\" allowfullscreen=\"\" frameborder=\"0\"><\/iframe><\/p>\n<p>BEISPIEL 3 (Zielgruppenbezogene Produktpr\u00e4sentation, Fokus auf Anwendernutzen) Mittelstand \/ Handel<br \/>\n<iframe loading=\"lazy\" src=\"\/\/www.youtube.com\/embed\/5Bh3u_McoR4?feature=player_detailpage\" height=\"360\" width=\"640\" allowfullscreen=\"\" frameborder=\"0\"><\/iframe><\/p>\n<p>BEISPIEL 4 (Beleg der Qualit\u00e4t eines Sportstudios durch Testimonials zufriedener Kunden) Mittelstand \/ Dienstleistung<br \/>\n<iframe loading=\"lazy\" src=\"\/\/www.youtube.com\/embed\/mZl_p9qiPQE?feature=player_detailpage\" height=\"360\" width=\"640\" allowfullscreen=\"\" frameborder=\"0\"><\/iframe><\/p>\n<p>BEISPIEL 5 (Auch kleinere Unternehmen sollten auf die Wirkung eines Unternehmensvideos nicht verzichten. Wir bieten die L\u00f6sung, skalierbar und individuell!)<br \/>\n<iframe loading=\"lazy\" src=\"\/\/www.youtube.com\/embed\/5_3X-ixXNXo?feature=player_detailpage\" height=\"360\" width=\"640\" allowfullscreen=\"\" frameborder=\"0\"><\/iframe><\/p>\n<p>Unsere gr\u00f6\u00dfte Motivation ist der Erfolg unserer Kunden im Markt. Wir freuen uns sehr \u00fcber das Feedback der Unternehmen, wann immer wir durch unsere Leistung zur Erreichung wichtiger Ziele proaktiv haben beitragen k\u00f6nnen. Gerne schildern wir Ihnen konkrete Beispiele erfolgreicher Zusammenarbeit in einem pers\u00f6nlichen Gespr\u00e4ch.<\/p>\n","protected":false},"excerpt":{"rendered":"<p>Wir zeigen Ihnen an dieser Stelle eine kleine \u00dcbersicht beispielhafter Arbeiten, die im Netz frei verf\u00fcgbar sind. BEISPIEL 1 (Portrait eines Hersteller-Messestandes auf der NAB\u00a0in Las Vegas) Hersteller \/ Distribution BEISPIEL 2 (Portrait eines innovativen Vermessungsystems im Pferdesport) Mittelstand \/ Handwerk BEISPIEL 3 (Zielgruppenbezogene Produktpr\u00e4sentation, Fokus auf Anwendernutzen) Mittelstand \/ Handel BEISPIEL 4 (Beleg der &hellip; <a href=\"http:\/\/imageTV.de\/?page_id=19\" class=\"more-link\"><span class=\"screen-reader-text\">Referenzen<\/span> weiterlesen <span class=\"meta-nav\">&rarr;<\/span><\/a><\/p>\n","protected":false},"author":1,"featured_media":0,"parent":0,"menu_order":7,"comment_status":"closed","ping_status":"closed","template":"","meta":[],"_links":{"self":[{"href":"http:\/\/imageTV.de\/index.php?rest_route=\/wp\/v2\/pages\/19"}],"collection":[{"href":"http:\/\/imageTV.de\/index.php?rest_route=\/wp\/v2\/pages"}],"about":[{"href":"http:\/\/imageTV.de\/index.php?rest_route=\/wp\/v2\/types\/page"}],"author":[{"embeddable":true,"href":"http:\/\/imageTV.de\/index.php?rest_route=\/wp\/v2\/users\/1"}],"replies":[{"embeddable":true,"href":"http:\/\/imageTV.de\/index.php?rest_route=%2Fwp%2Fv2%2Fcomments&post=19"}],"version-history":[{"count":20,"href":"http:\/\/imageTV.de\/index.php?rest_route=\/wp\/v2\/pages\/19\/revisions"}],"predecessor-version":[{"id":191,"href":"http:\/\/imageTV.de\/index.php?rest_route=\/wp\/v2\/pages\/19\/revisions\/191"}],"wp:attachment":[{"href":"http:\/\/imageTV.de\/index.php?rest_route=%2Fwp%2Fv2%2Fmedia&parent=19"}],"curies":[{"name":"wp","href":"https:\/\/api.w.org\/{rel}","templated":true}]}}