{"id":12,"date":"2014-02-19T20:12:00","date_gmt":"2014-02-19T20:12:00","guid":{"rendered":"http:\/\/imageportrait.de\/?page_id=12"},"modified":"2022-06-20T21:24:59","modified_gmt":"2022-06-20T21:24:59","slug":"kunden-projekte","status":"publish","type":"page","link":"http:\/\/imageTV.de\/?page_id=12","title":{"rendered":"Kunden"},"content":{"rendered":"<p>Die Mehrzahl unserer Auftraggeber sind Unternehmen aus dem Mittelstand. Regelm\u00e4\u00dfig z\u00e4hlen aber auch international aufgestellte Konzerne zu unseren Kunden. Unser Schwerpunkt liegt in der Unterst\u00fctzung der Unternehmenskommunikation mit Fokus auf dem B2B-Bereich.<\/p>\n<p>F\u00fcr mittelst\u00e4ndische Unternehmen aus der Fertigungs- und Dienstleitungsbranche produzieren wir Imagefilme und Produktpr\u00e4sentationen. F\u00fcr Konzerne wie Grass Valley, General Electric, 1&amp;1 oder Lufthansa Cargo erstellen wir dar\u00fcber hinaus Dokumentationen, Portraits und Testimonials. F\u00fcr namhafte Distributoren und Branchenf\u00fchrer berichten wir von Fachmessen und Events, deutschlandweit und international.<\/p>\n<p>Unsere Produktionen werden vorrangig im Internet eingesetzt, auf Ihrer Unternehmens-Website oder in Social Media-Kan\u00e4len, auf Messen und Events. Sie dienen der Kunden- und Reseller-Bindung und werden zugleich zu einem immer wichtigeren Instrument auch in der Personalgewinnung.<\/p>\n","protected":false},"excerpt":{"rendered":"<p>Die Mehrzahl unserer Auftraggeber sind Unternehmen aus dem Mittelstand. Regelm\u00e4\u00dfig z\u00e4hlen aber auch international aufgestellte Konzerne zu unseren Kunden. Unser Schwerpunkt liegt in der Unterst\u00fctzung der Unternehmenskommunikation mit Fokus auf dem B2B-Bereich. F\u00fcr mittelst\u00e4ndische Unternehmen aus der Fertigungs- und Dienstleitungsbranche produzieren wir Imagefilme und Produktpr\u00e4sentationen. F\u00fcr Konzerne wie Grass Valley, General Electric, 1&amp;1 oder Lufthansa &hellip; <a href=\"http:\/\/imageTV.de\/?page_id=12\" class=\"more-link\"><span class=\"screen-reader-text\">Kunden<\/span> weiterlesen <span class=\"meta-nav\">&rarr;<\/span><\/a><\/p>\n","protected":false},"author":1,"featured_media":0,"parent":0,"menu_order":5,"comment_status":"closed","ping_status":"closed","template":"","meta":[],"_links":{"self":[{"href":"http:\/\/imageTV.de\/index.php?rest_route=\/wp\/v2\/pages\/12"}],"collection":[{"href":"http:\/\/imageTV.de\/index.php?rest_route=\/wp\/v2\/pages"}],"about":[{"href":"http:\/\/imageTV.de\/index.php?rest_route=\/wp\/v2\/types\/page"}],"author":[{"embeddable":true,"href":"http:\/\/imageTV.de\/index.php?rest_route=\/wp\/v2\/users\/1"}],"replies":[{"embeddable":true,"href":"http:\/\/imageTV.de\/index.php?rest_route=%2Fwp%2Fv2%2Fcomments&post=12"}],"version-history":[{"count":9,"href":"http:\/\/imageTV.de\/index.php?rest_route=\/wp\/v2\/pages\/12\/revisions"}],"predecessor-version":[{"id":200,"href":"http:\/\/imageTV.de\/index.php?rest_route=\/wp\/v2\/pages\/12\/revisions\/200"}],"wp:attachment":[{"href":"http:\/\/imageTV.de\/index.php?rest_route=%2Fwp%2Fv2%2Fmedia&parent=12"}],"curies":[{"name":"wp","href":"https:\/\/api.w.org\/{rel}","templated":true}]}}