{"id":104,"date":"2014-02-20T13:07:04","date_gmt":"2014-02-20T13:07:04","guid":{"rendered":"http:\/\/imageportrait.de\/?page_id=104"},"modified":"2014-02-23T21:03:50","modified_gmt":"2014-02-23T21:03:50","slug":"partner-4","status":"publish","type":"page","link":"http:\/\/imageTV.de\/?page_id=104","title":{"rendered":"Partner"},"content":{"rendered":"<p>Oft bitten Kunden uns um eine Empfehlung aus erster Hand, wenn zum Beispiel die Vorbereitung von Presseterminen oder TV-Auftritten  ansteht oder auch ein umfassender Relaunch der Website geplant ist. Vielleicht ben\u00f6tigen Sie auch einen Ratgeber in Sachen Videoschnitt und Equipment f\u00fcr den internen Unternehmenseinsatz? <\/p>\n<p>Gerne stellen wir Ihnen unsere Partner vor, mit denen uns eine langj\u00e4hrige und erfolgreiche Zusammenarbeit verbindet:<\/p>\n<p><strong>TV-Coaching f\u00fcr Vorst\u00e4nde, Gesch\u00e4ftsf\u00fchrer und Pressesprecher<\/strong><br \/>\n<a href=\"http:\/\/www.schneider-medienberatung.de\" title=\"http:\/\/www.schneider-medienberatung.de\" target=\"_blank\">http:\/\/www.schneider-medienberatung.de<\/a><\/p>\n<p><strong>Systemhaus &#038; Beratung rund um Videoschnitt, Hardware und Kameras <\/strong><br \/>\n<a href=\"http:\/\/www.digitalschnitt.de\" title=\"http:\/\/www.digitalschnitt.de\" target=\"_blank\">http:\/\/www.digitalschnitt.de<\/a><\/p>\n<p><strong>IT-Dienstleister f\u00fcr CMS-Systeme, Administration und individuelle Applikationen <\/strong><br \/>\n<a href=\"http:\/\/www.talking-pixel.de\" title=\"http:\/\/www.talking-pixel.de\" target=\"_blank\">http:\/\/www.talking-pixel.de<\/a><\/p>\n","protected":false},"excerpt":{"rendered":"<p>Oft bitten Kunden uns um eine Empfehlung aus erster Hand, wenn zum Beispiel die Vorbereitung von Presseterminen oder TV-Auftritten ansteht oder auch ein umfassender Relaunch der Website geplant ist. Vielleicht ben\u00f6tigen Sie auch einen Ratgeber in Sachen Videoschnitt und Equipment f\u00fcr den internen Unternehmenseinsatz? Gerne stellen wir Ihnen unsere Partner vor, mit denen uns eine &hellip; <a href=\"http:\/\/imageTV.de\/?page_id=104\" class=\"more-link\"><span class=\"screen-reader-text\">Partner<\/span> weiterlesen <span class=\"meta-nav\">&rarr;<\/span><\/a><\/p>\n","protected":false},"author":1,"featured_media":0,"parent":0,"menu_order":7,"comment_status":"closed","ping_status":"closed","template":"","meta":[],"_links":{"self":[{"href":"http:\/\/imageTV.de\/index.php?rest_route=\/wp\/v2\/pages\/104"}],"collection":[{"href":"http:\/\/imageTV.de\/index.php?rest_route=\/wp\/v2\/pages"}],"about":[{"href":"http:\/\/imageTV.de\/index.php?rest_route=\/wp\/v2\/types\/page"}],"author":[{"embeddable":true,"href":"http:\/\/imageTV.de\/index.php?rest_route=\/wp\/v2\/users\/1"}],"replies":[{"embeddable":true,"href":"http:\/\/imageTV.de\/index.php?rest_route=%2Fwp%2Fv2%2Fcomments&post=104"}],"version-history":[{"count":18,"href":"http:\/\/imageTV.de\/index.php?rest_route=\/wp\/v2\/pages\/104\/revisions"}],"predecessor-version":[{"id":141,"href":"http:\/\/imageTV.de\/index.php?rest_route=\/wp\/v2\/pages\/104\/revisions\/141"}],"wp:attachment":[{"href":"http:\/\/imageTV.de\/index.php?rest_route=%2Fwp%2Fv2%2Fmedia&parent=104"}],"curies":[{"name":"wp","href":"https:\/\/api.w.org\/{rel}","templated":true}]}}